{"id":1709,"date":"2020-03-16T11:14:11","date_gmt":"2020-03-16T11:14:11","guid":{"rendered":"https:\/\/matthieubergheau.com\/ger\/?page_id=1709"},"modified":"2022-11-10T09:46:47","modified_gmt":"2022-11-10T09:46:47","slug":"biografie","status":"publish","type":"page","link":"https:\/\/matthieubergheau.com\/ger\/biografie\/","title":{"rendered":"Biografie"},"content":{"rendered":"<p>[vc_row][vc_column]\n\t\t\t<!-- START Biography Slide REVOLUTION SLIDER 6.0.9 --><p class=\"rs-p-wp-fix\"><\/p>\n\t\t\t<rs-module-wrap id=\"rev_slider_6_1_wrapper\" data-source=\"gallery\" style=\"background:transparent;padding:0;\">\n\t\t\t\t<rs-module id=\"rev_slider_6_1\" style=\"display:none;\" data-version=\"6.0.9\">\n\t\t\t\t\t<rs-slides>\n\t\t\t\t\t\t<rs-slide data-key=\"rs-6\" data-title=\"Intro\" data-anim=\"ei:d;eo:d;s:d;r:0;t:notransition;sl:d;\">\n\t\t\t\t\t\t\t<img src=\"\/\/matthieubergheau.com\/wp-content\/uploads\/2020\/04\/2AFAAB70-4079-4A82-8E2F-9EBF4C875D80.jpeg\" title=\"2AFAAB70-4079-4A82-8E2F-9EBF4C875D80\" width=\"1024\" height=\"685\" class=\"rev-slidebg\" data-no-retina>\n<!---->\t\t\t\t\t\t<\/rs-slide>\n\t\t\t\t\t<\/rs-slides>\n\t\t\t\t\t<rs-progress class=\"rs-bottom\" style=\"visibility: hidden !important;\"><\/rs-progress>\n\t\t\t\t<\/rs-module>\n\t\t\t\t<script type=\"text\/javascript\">\n\t\t\t\t\tsetREVStartSize({c: 'rev_slider_6_1',rl:[1240,1024,778,480],el:[600,500,960,720],gw:[1920,1024,778,480],gh:[600,500,960,720],layout:'fullscreen',offsetContainer:'',offset:'',mh:\"0\"});\n\t\t\t\t\tvar\trevapi6,\n\t\t\t\t\t\ttpj;\n\t\t\t\t\tjQuery(function() {\n\t\t\t\t\t\ttpj = jQuery;\n\t\t\t\t\t\tif(tpj(\"#rev_slider_6_1\").revolution == undefined){\n\t\t\t\t\t\t\trevslider_showDoubleJqueryError(\"#rev_slider_6_1\");\n\t\t\t\t\t\t}else{\n\t\t\t\t\t\t\trevapi6 = tpj(\"#rev_slider_6_1\").show().revolution({\n\t\t\t\t\t\t\t\tjsFileLocation:\"\/\/matthieubergheau.com\/ger\/wp-content\/plugins\/revslider\/public\/assets\/js\/\",\n\t\t\t\t\t\t\t\tsliderLayout:\"fullscreen\",\n\t\t\t\t\t\t\t\tvisibilityLevels:\"1240,1024,778,480\",\n\t\t\t\t\t\t\t\tgridwidth:\"1920,1024,778,480\",\n\t\t\t\t\t\t\t\tgridheight:\"600,500,960,720\",\n\t\t\t\t\t\t\t\tminHeight:\"\",\n\t\t\t\t\t\t\t\teditorheight:\"600,500,960,720\",\n\t\t\t\t\t\t\t\tresponsiveLevels:\"1240,1024,778,480\",\n\t\t\t\t\t\t\t\tdisableProgressBar:\"on\",\n\t\t\t\t\t\t\t\tnavigation: {\n\t\t\t\t\t\t\t\t\tkeyboardNavigation:true,\n\t\t\t\t\t\t\t\t\tkeyboard_direction:\"vertical\",\n\t\t\t\t\t\t\t\t\tmouseScrollNavigation:true,\n\t\t\t\t\t\t\t\t\tonHoverStop:false\n\t\t\t\t\t\t\t\t},\n\t\t\t\t\t\t\t\tfallbacks: {\n\t\t\t\t\t\t\t\t\tignoreHeightChanges:\"\",\n\t\t\t\t\t\t\t\t\tallowHTML5AutoPlayOnAndroid:true\n\t\t\t\t\t\t\t\t},\n\t\t\t\t\t\t\t});\n\t\t\t\t\t\t}\n\t\t\t\t\t\t\n\t\t\t\t\t});\n\t\t\t\t<\/script>\n\t\t\t<\/rs-module-wrap>\n\t\t\t<!-- END REVOLUTION SLIDER -->\n[\/vc_column][\/vc_row][vc_row css=&#8221;.vc_custom_1585747345345{margin-top: 30px !important;}&#8221;][vc_column width=&#8221;1\/2&#8243;][vc_single_image image=&#8221;1764&#8243; img_size=&#8221;full&#8221; alignment=&#8221;center&#8221;][\/vc_column][vc_column width=&#8221;1\/2&#8243;][vc_custom_heading text=&#8221;Biografie&#8221; font_container=&#8221;tag:h2|text_align:left|color:%237f4000&#8243; use_theme_fonts=&#8221;yes&#8221;][vc_column_text]<\/p>\n<p class=\"p1\"><span class=\"s1\">Matthieu Bergheau ist ein klassischer franz\u00f6sischer Pianist. Als Laureat von sieben internationalen Wettbewerben trat er bereits als Solist in Frankreich, Italien, Spanien, Armenien und Gro\u00dfbritannien auf. 2019 trat er unter anderem am Teatro Ciudad (Marbella, Spanien) und der Chapelle Saint-Frambourg (Paris, Frankreich) auf Cziffras eigenem Klavier auf. Er hat 16 Klavierkonzerte in seinem Repertoire, von Bachs Concerto in D-Moll bis Prokofjew 3.<\/span><\/p>\n<p>[\/vc_column_text][\/vc_column][\/vc_row][vc_row full_width=&#8221;stretch_row&#8221; css=&#8221;.vc_custom_1585757227434{background-color: #0a0a0a !important;}&#8221;][vc_column][vc_row_inner el_class=&#8221;cnt-p&#8221; css=&#8221;.vc_custom_1585759001981{padding-top: 35px !important;}&#8221;][vc_column_inner][vc_column_text el_class=&#8221;white-txt&#8221;]<\/p>\n<p class=\"p1\"><span class=\"s1\">Obwohl Matthieu St\u00fccke aus allen Epochen spielt, hat er eine Vorliebe f\u00fcr romantische Komponisten wie Chopin, Rachmaninoff und Scriabin. Er hat die kompletten Et\u00fcden von Scriabin und Rachmaninoff sowie alle Solokonzerten von Rachmaninoff gespielt, einschlie\u00dflich Rhapsodie \u00fcber ein Thema von Paganini. Au\u00dferdem hat er die kompletten Et\u00fcden von Chopin sowie die kompletten Balladen und Scherzi des Komponisten gespielt.<\/span><\/p>\n<p class=\"p1\"><span class=\"s1\">Matthieu Bergheau ist mit 25.000 Followern eine der bekanntesten Figuren der klassischen Musik in den sozialen Medien. Sein Konto enth\u00e4lt \u00fcber 1.000 Videos, die Hunderttausende Aufrufe erzielt haben.<\/span><\/p>\n<p class=\"p1\"><span class=\"s1\">Neben seiner Karriere als Konzertpianist ist Matthieu als Lehrer in Lyon, Frankreich t\u00e4tig und bietet angehenden Fachleuten Online-Unterricht an.<\/span><\/p>\n<p>[\/vc_column_text][\/vc_column_inner][\/vc_row_inner][\/vc_column][\/vc_row]<\/p>\n","protected":false},"excerpt":{"rendered":"<p>[vc_row][vc_column][\/vc_column][\/vc_row][vc_row css=&#8221;.vc_custom_1585747345345{margin-top: 30px !important;}&#8221;][vc_column width=&#8221;1\/2&#8243;][vc_single_image image=&#8221;1764&#8243; img_size=&#8221;full&#8221; alignment=&#8221;center&#8221;][\/vc_column][vc_column width=&#8221;1\/2&#8243;][vc_custom_heading text=&#8221;Biografie&#8221; font_container=&#8221;tag:h2|text_align:left|color:%237f4000&#8243; use_theme_fonts=&#8221;yes&#8221;][vc_column_text] Matthieu Bergheau ist ein klassischer franz\u00f6sischer Pianist. Als Laureat von sieben internationalen Wettbewerben trat er bereits als Solist in Frankreich, Italien, Spanien, Armenien und Gro\u00dfbritannien auf. 2019 trat er unter anderem am Teatro Ciudad (Marbella, Spanien) und der Chapelle Saint-Frambourg (Paris, Frankreich) auf<br class=\"read-more-spacer\"> <a class=\"more-link\" href=\"https:\/\/matthieubergheau.com\/ger\/biografie\/\">Read More<\/a><\/p>\n","protected":false},"author":1,"featured_media":0,"parent":0,"menu_order":0,"comment_status":"closed","ping_status":"closed","template":"","meta":[],"_links":{"self":[{"href":"https:\/\/matthieubergheau.com\/ger\/wp-json\/wp\/v2\/pages\/1709"}],"collection":[{"href":"https:\/\/matthieubergheau.com\/ger\/wp-json\/wp\/v2\/pages"}],"about":[{"href":"https:\/\/matthieubergheau.com\/ger\/wp-json\/wp\/v2\/types\/page"}],"author":[{"embeddable":true,"href":"https:\/\/matthieubergheau.com\/ger\/wp-json\/wp\/v2\/users\/1"}],"replies":[{"embeddable":true,"href":"https:\/\/matthieubergheau.com\/ger\/wp-json\/wp\/v2\/comments?post=1709"}],"version-history":[{"count":25,"href":"https:\/\/matthieubergheau.com\/ger\/wp-json\/wp\/v2\/pages\/1709\/revisions"}],"predecessor-version":[{"id":1911,"href":"https:\/\/matthieubergheau.com\/ger\/wp-json\/wp\/v2\/pages\/1709\/revisions\/1911"}],"wp:attachment":[{"href":"https:\/\/matthieubergheau.com\/ger\/wp-json\/wp\/v2\/media?parent=1709"}],"curies":[{"name":"wp","href":"https:\/\/api.w.org\/{rel}","templated":true}]}}